{"id":10,"date":"2020-06-17T21:03:00","date_gmt":"2020-06-17T19:03:00","guid":{"rendered":"http:\/\/lefestivalandalou.com\/?page_id=10"},"modified":"2025-06-10T10:03:00","modified_gmt":"2025-06-10T08:03:00","slug":"mentions-legales","status":"publish","type":"page","link":"https:\/\/lefestivalandalou.com\/es\/mentions-legales\/","title":{"rendered":"Aviso Legal"},"content":{"rendered":"<p><\/p>\n<p data-start=\"2203\" data-end=\"2345\">El sitio web <strong data-start=\"2216\" data-end=\"2243\"><a class=\"cursor-pointer\" target=\"_new\" rel=\"noopener noreferrer\" data-start=\"2218\" data-end=\"2241\">www.festivalandalou.com<\/a><\/strong> es una publicaci\u00f3n de la Asociaci\u00f3n Andaluza Alhambra, 9 rue Vincent Auriol, 84000 Avignon \u2013 Francia.<\/p>\n<p data-start=\"2347\" data-end=\"2504\">Para cualquier consulta relacionada con un producto o servicio, sugerencias, informaci\u00f3n, opiniones o reclamaciones sobre este sitio web, <strong data-start=\"2485\" data-end=\"2503\">haga clic aqu\u00ed<\/strong>.<\/p>\n<p data-start=\"2506\" data-end=\"2619\">Todas las pesta\u00f1as comerciales presentes en festivalandalou.com son editadas por la Asociaci\u00f3n Andaluza Alhambra.<\/p>\n<p data-start=\"2621\" data-end=\"2743\"><strong data-start=\"2621\" data-end=\"2650\">Proveedor de alojamiento:<\/strong> OVH \u2013 Sede: 2 rue Kellermann, 59100 Roubaix, Francia \u2013 RCS Lille M\u00e9tropole 424 761 419 00045<\/p>\n<hr data-start=\"2745\" data-end=\"2748\" \/>\n<p data-start=\"2750\" data-end=\"2808\"><strong data-start=\"2750\" data-end=\"2808\">Sitios y p\u00e1ginas de Festival Andalou en redes sociales<\/strong><\/p>\n<p data-start=\"2810\" data-end=\"2963\">Los sitios o p\u00e1ginas de Festival Andalou en redes sociales (como Facebook, Twitter, Instagram, YouTube) son editados por la Asociaci\u00f3n Andaluza Alhambra.<\/p>\n<p data-start=\"2965\" data-end=\"3008\">Para cualquier contacto: <strong data-start=\"2990\" data-end=\"3008\">haga clic aqu\u00ed<\/strong><\/p>\n<hr data-start=\"3010\" data-end=\"3013\" \/>\n<p data-start=\"3015\" data-end=\"3111\"><strong data-start=\"3015\" data-end=\"3111\">Copyright Festival Andalou \u2013 2020 \u2013 Todos los derechos de autor de textos y obras reservados<\/strong><\/p>\n<p data-start=\"3113\" data-end=\"3368\">Festival Andalou no garantiza de ninguna manera la exactitud, precisi\u00f3n o integridad de la informaci\u00f3n disponible en su sitio web, incluidos todos los hiperv\u00ednculos o cualquier otra conexi\u00f3n inform\u00e1tica utilizada, directa o indirectamente, desde su sitio.<\/p>\n<p data-start=\"3370\" data-end=\"3669\">El sitio web est\u00e1 protegido por la ley de derechos de autor. El uso total o parcial del sitio, incluyendo descargas, reproducciones, transmisiones o representaciones en cualquier soporte y por cualquier medio, con fines distintos al uso personal y privado no comercial, est\u00e1 estrictamente prohibido.<\/p>\n<p data-start=\"3671\" data-end=\"3965\">Las denominaciones sociales, marcas y signos distintivos reproducidos en los sitios est\u00e1n tambi\u00e9n protegidos por la ley de marcas. La reproducci\u00f3n o representaci\u00f3n total o parcial de los signos distintivos debe contar con autorizaci\u00f3n previa por escrito de los titulares de las marcas y signos.<\/p>\n<p data-start=\"3967\" data-end=\"4469\">Por lo tanto, cualquier reproducci\u00f3n o representaci\u00f3n no autorizada de marcas, logotipos, dibujos, modelos, obras literarias, musicales, audiovisuales, fotogr\u00e1ficas y, en general, cualquier elemento protegido por derechos de propiedad intelectual accesible en el sitio web est\u00e1 prohibida y constituir\u00eda una infracci\u00f3n seg\u00fan los art\u00edculos L.335-2 y siguientes del C\u00f3digo de Propiedad Intelectual, a menos que dicha reproducci\u00f3n o representaci\u00f3n est\u00e9 reservada exclusivamente para uso personal y privado.<\/p>\n<p><\/p>","protected":false},"excerpt":{"rendered":"<p>El sitio web www.festivalandalou.com es una publicaci\u00f3n de la Asociaci\u00f3n Andaluza Alhambra, 9 rue Vincent Auriol, 84000 Avignon \u2013 Francia. Para cualquier consulta relacionada con un producto o servicio, sugerencias, informaci\u00f3n, opiniones o reclamaciones sobre este sitio web, haga clic aqu\u00ed. Todas las pesta\u00f1as comerciales presentes en festivalandalou.com son editadas por la Asociaci\u00f3n Andaluza Alhambra. [&hellip;]<\/p>\n","protected":false},"author":1,"featured_media":0,"parent":0,"menu_order":0,"comment_status":"closed","ping_status":"closed","template":"page-legal.php","meta":[],"_links":{"self":[{"href":"https:\/\/lefestivalandalou.com\/es\/wp-json\/wp\/v2\/pages\/10"}],"collection":[{"href":"https:\/\/lefestivalandalou.com\/es\/wp-json\/wp\/v2\/pages"}],"about":[{"href":"https:\/\/lefestivalandalou.com\/es\/wp-json\/wp\/v2\/types\/page"}],"author":[{"embeddable":true,"href":"https:\/\/lefestivalandalou.com\/es\/wp-json\/wp\/v2\/users\/1"}],"replies":[{"embeddable":true,"href":"https:\/\/lefestivalandalou.com\/es\/wp-json\/wp\/v2\/comments?post=10"}],"version-history":[{"count":5,"href":"https:\/\/lefestivalandalou.com\/es\/wp-json\/wp\/v2\/pages\/10\/revisions"}],"predecessor-version":[{"id":1151,"href":"https:\/\/lefestivalandalou.com\/es\/wp-json\/wp\/v2\/pages\/10\/revisions\/1151"}],"wp:attachment":[{"href":"https:\/\/lefestivalandalou.com\/es\/wp-json\/wp\/v2\/media?parent=10"}],"curies":[{"name":"wp","href":"https:\/\/api.w.org\/{rel}","templated":true}]}}